{"id":3699,"date":"2023-08-29T10:48:55","date_gmt":"2023-08-29T09:48:55","guid":{"rendered":"https:\/\/univ-maroua.com\/fseg\/?page_id=3699"},"modified":"2023-08-29T10:50:24","modified_gmt":"2023-08-29T09:50:24","slug":"centre-de-recherche","status":"publish","type":"page","link":"https:\/\/univ-maroua.com\/fseg\/recherches\/centre-de-recherche\/","title":{"rendered":"Centre de recherche"},"content":{"rendered":"\t\t<div data-elementor-type=\"wp-page\" data-elementor-id=\"3699\" class=\"elementor elementor-3699\">\n\t\t\t\t\t\t<section class=\"elementor-section elementor-top-section elementor-element elementor-element-04a13ff elementor-section-boxed elementor-section-height-default elementor-section-height-default\" data-id=\"04a13ff\" data-element_type=\"section\">\n\t\t\t\t\t\t<div class=\"elementor-container elementor-column-gap-default\">\n\t\t\t\t\t<div class=\"elementor-column elementor-col-100 elementor-top-column elementor-element elementor-element-c1dd00e\" data-id=\"c1dd00e\" data-element_type=\"column\">\n\t\t\t<div class=\"elementor-widget-wrap elementor-element-populated\">\n\t\t\t\t\t\t<div class=\"elementor-element elementor-element-ff42747 elementor-widget elementor-widget-mgz-breadcrumb-title\" data-id=\"ff42747\" data-element_type=\"widget\" data-widget_type=\"mgz-breadcrumb-title.default\">\n\t\t\t\t<div class=\"elementor-widget-container\">\n\t\t\t\t\t\r\n    <section class=\"breadcrumb-area\">\r\n        <div class=\"magezix-breadcrumb breadcrumbs\">\r\n            <!-- Breadcrumb NavXT 7.4.1 -->\n<span property=\"itemListElement\" typeof=\"ListItem\"><a property=\"item\" typeof=\"WebPage\" title=\"Aller \u00e0 FSEG -Universit\u00e9 de Maroua.\" href=\"https:\/\/univ-maroua.com\/fseg\" class=\"home\" ><span property=\"name\">FSEG -Universit\u00e9 de Maroua<\/span><\/a><meta property=\"position\" content=\"1\"><\/span> &gt; <span property=\"itemListElement\" typeof=\"ListItem\"><a property=\"item\" typeof=\"WebPage\" title=\"Aller \u00e0 Blog.\" href=\"https:\/\/univ-maroua.com\/fseg\/blog\/\" class=\"post-root post post-post\" aria-current=\"page\"><span property=\"name\">Blog<\/span><\/a><meta property=\"position\" content=\"2\"><\/span>                \r\n        <\/div>\r\n    <\/section>\r\n    \t\t\t\t<\/div>\n\t\t\t\t<\/div>\n\t\t\t\t\t<\/div>\n\t\t<\/div>\n\t\t\t\t\t<\/div>\n\t\t<\/section>\n\t\t\t\t<section class=\"elementor-section elementor-top-section elementor-element elementor-element-2a8592e elementor-section-content-middle elementor-section-boxed elementor-section-height-default elementor-section-height-default\" data-id=\"2a8592e\" data-element_type=\"section\">\n\t\t\t\t\t\t<div class=\"elementor-container elementor-column-gap-default\">\n\t\t\t\t\t<div class=\"elementor-column elementor-col-100 elementor-top-column elementor-element elementor-element-371c1ef\" data-id=\"371c1ef\" data-element_type=\"column\">\n\t\t\t<div class=\"elementor-widget-wrap\">\n\t\t\t\t\t\t\t<\/div>\n\t\t<\/div>\n\t\t\t\t\t<\/div>\n\t\t<\/section>\n\t\t\t\t<section class=\"elementor-section elementor-top-section elementor-element elementor-element-bdb7694 elementor-section-content-middle elementor-section-boxed elementor-section-height-default elementor-section-height-default\" data-id=\"bdb7694\" data-element_type=\"section\">\n\t\t\t\t\t\t<div class=\"elementor-container elementor-column-gap-default\">\n\t\t\t\t\t<div class=\"elementor-column elementor-col-100 elementor-top-column elementor-element elementor-element-9f724fc\" data-id=\"9f724fc\" data-element_type=\"column\">\n\t\t\t<div class=\"elementor-widget-wrap elementor-element-populated\">\n\t\t\t\t\t\t<div class=\"elementor-element elementor-element-ea17567 elementor-widget elementor-widget-heading\" data-id=\"ea17567\" data-element_type=\"widget\" data-widget_type=\"heading.default\">\n\t\t\t\t<div class=\"elementor-widget-container\">\n\t\t\t\t\t<h2 class=\"elementor-heading-title elementor-size-default\">Centre de recherche<\/h2>\t\t\t\t<\/div>\n\t\t\t\t<\/div>\n\t\t\t\t\t<\/div>\n\t\t<\/div>\n\t\t\t\t\t<\/div>\n\t\t<\/section>\n\t\t\t\t<section class=\"elementor-section elementor-top-section elementor-element elementor-element-e71e3cf elementor-section-boxed elementor-section-height-default elementor-section-height-default\" data-id=\"e71e3cf\" data-element_type=\"section\">\n\t\t\t\t\t\t<div class=\"elementor-container elementor-column-gap-default\">\n\t\t\t\t\t<div class=\"elementor-column elementor-col-100 elementor-top-column elementor-element elementor-element-e89742f\" data-id=\"e89742f\" data-element_type=\"column\">\n\t\t\t<div class=\"elementor-widget-wrap elementor-element-populated\">\n\t\t\t\t\t\t<div class=\"elementor-element elementor-element-69eeb50 elementor-widget elementor-widget-mgz-post-grid-v2-carousel\" data-id=\"69eeb50\" data-element_type=\"widget\" data-widget_type=\"mgz-post-grid-v2-carousel.default\">\n\t\t\t\t<div class=\"elementor-widget-container\">\n\t\t\t\t\t    <div class=\"daily-blogs\">\r\n        <div class=\"carousel-post__wrap\">\r\n                            <h2 class=\"tx-section-heading mb-30\">\r\n                    <span>Actualit\u00e9s<\/span>\r\n                <\/h2>\r\n                        <div class=\"daily-blogs__slide owl-carousel tx-post__carousel-nav\">\r\n                                            <div class=\"sports-post__single tx-post style-2\">\r\n                    <div class=\"post-thumb br-4\">\r\n                        <a href=\"https:\/\/univ-maroua.com\/fseg\/la-fseg-de-luniv-maroua-vous-souhaite-une-bonne-rentree-academique-2019-2020\/\"><\/a>\r\n                    <\/div>\r\n                    <div class=\"post-content\">\r\n                        <ul class=\"post-meta post-meta--4 style-2 ul_li mb-15\">\r\n                            <li>\r\n                                <div class=\"post-meta__author ul_li\">\r\n                                    <div class=\"avatar\">\r\n                                        <img alt='' src='https:\/\/univ-maroua.com\/fseg\/wp-content\/litespeed\/avatar\/64080c3897945d391dc18a5110279615.jpg?ver=1775683801' srcset='https:\/\/univ-maroua.com\/fseg\/wp-content\/litespeed\/avatar\/2043aecc9ae608628e5ead60a24545a3.jpg?ver=1775683801 2x' class='avatar avatar-20 photo' height='20' width='20' \/>                                    <\/div>\r\n                                    <span>admin<\/span>\r\n                                <\/div>\r\n                            <\/li>\r\n                            <li><i class=\"far fa-comments-alt\"><\/i> Commentaire (0)<\/li>\r\n                        <\/ul>\r\n                        <h2 class=\"post-title border-effect\"><a href=\"https:\/\/univ-maroua.com\/fseg\/la-fseg-de-luniv-maroua-vous-souhaite-une-bonne-rentree-academique-2019-2020\/\">La FSEG de l&rsquo;Univ-Maroua vous souhaite une bonne<\/a><\/h2>\r\n                        <p><\/p>\r\n                    <\/div>\r\n                <\/div>\r\n                                <div class=\"sports-post__single tx-post style-2\">\r\n                    <div class=\"post-thumb br-4\">\r\n                        <a href=\"https:\/\/univ-maroua.com\/fseg\/ed-has-winter-sports\/\"><\/a>\r\n                    <\/div>\r\n                    <div class=\"post-content\">\r\n                        <ul class=\"post-meta post-meta--4 style-2 ul_li mb-15\">\r\n                            <li>\r\n                                <div class=\"post-meta__author ul_li\">\r\n                                    <div class=\"avatar\">\r\n                                        <img alt='' src='https:\/\/univ-maroua.com\/fseg\/wp-content\/litespeed\/avatar\/64080c3897945d391dc18a5110279615.jpg?ver=1775683801' srcset='https:\/\/univ-maroua.com\/fseg\/wp-content\/litespeed\/avatar\/2043aecc9ae608628e5ead60a24545a3.jpg?ver=1775683801 2x' class='avatar avatar-20 photo' height='20' width='20' \/>                                    <\/div>\r\n                                    <span>admin<\/span>\r\n                                <\/div>\r\n                            <\/li>\r\n                            <li><i class=\"far fa-comments-alt\"><\/i> Commentaire (0)<\/li>\r\n                        <\/ul>\r\n                        <h2 class=\"post-title border-effect\"><a href=\"https:\/\/univ-maroua.com\/fseg\/ed-has-winter-sports\/\">R\u00e9sultats et Palmar\u00e8s 2019<\/a><\/h2>\r\n                        <p><\/p>\r\n                    <\/div>\r\n                <\/div>\r\n                                <div class=\"sports-post__single tx-post style-2\">\r\n                    <div class=\"post-thumb br-4\">\r\n                        <a href=\"https:\/\/univ-maroua.com\/fseg\/notice-of-educational\/\"><\/a>\r\n                    <\/div>\r\n                    <div class=\"post-content\">\r\n                        <ul class=\"post-meta post-meta--4 style-2 ul_li mb-15\">\r\n                            <li>\r\n                                <div class=\"post-meta__author ul_li\">\r\n                                    <div class=\"avatar\">\r\n                                        <img alt='' src='https:\/\/univ-maroua.com\/fseg\/wp-content\/litespeed\/avatar\/64080c3897945d391dc18a5110279615.jpg?ver=1775683801' srcset='https:\/\/univ-maroua.com\/fseg\/wp-content\/litespeed\/avatar\/2043aecc9ae608628e5ead60a24545a3.jpg?ver=1775683801 2x' class='avatar avatar-20 photo' height='20' width='20' \/>                                    <\/div>\r\n                                    <span>admin<\/span>\r\n                                <\/div>\r\n                            <\/li>\r\n                            <li><i class=\"far fa-comments-alt\"><\/i> Commentaire (0)<\/li>\r\n                        <\/ul>\r\n                        <h2 class=\"post-title border-effect\"><a href=\"https:\/\/univ-maroua.com\/fseg\/notice-of-educational\/\">R\u00e9sultats Session de rattrapage 1er Semestre 2019\/2020<\/a><\/h2>\r\n                        <p>Niveau Fili\u00e8re T\u00e9l\u00e9charger 1 MCV 1 Semestre 1 2019-2020 2 MCV 2 Semestre 1 2019-2020 3 MCV 3 Semestre 1<\/p>\r\n                    <\/div>\r\n                <\/div>\r\n                                <div class=\"sports-post__single tx-post style-2\">\r\n                    <div class=\"post-thumb br-4\">\r\n                        <a href=\"https:\/\/univ-maroua.com\/fseg\/resultats-academiques-2017-2018-semestre-1\/\"><\/a>\r\n                    <\/div>\r\n                    <div class=\"post-content\">\r\n                        <ul class=\"post-meta post-meta--4 style-2 ul_li mb-15\">\r\n                            <li>\r\n                                <div class=\"post-meta__author ul_li\">\r\n                                    <div class=\"avatar\">\r\n                                        <img alt='' src='https:\/\/univ-maroua.com\/fseg\/wp-content\/litespeed\/avatar\/64080c3897945d391dc18a5110279615.jpg?ver=1775683801' srcset='https:\/\/univ-maroua.com\/fseg\/wp-content\/litespeed\/avatar\/2043aecc9ae608628e5ead60a24545a3.jpg?ver=1775683801 2x' class='avatar avatar-20 photo' height='20' width='20' \/>                                    <\/div>\r\n                                    <span>admin<\/span>\r\n                                <\/div>\r\n                            <\/li>\r\n                            <li><i class=\"far fa-comments-alt\"><\/i> Commentaire (0)<\/li>\r\n                        <\/ul>\r\n                        <h2 class=\"post-title border-effect\"><a href=\"https:\/\/univ-maroua.com\/fseg\/resultats-academiques-2017-2018-semestre-1\/\">R\u00e9sultats acad\u00e9miques 2017\/2018 Semestre 1<\/a><\/h2>\r\n                        <p>Niveau Fili\u00e8re T\u00e9l\u00e9charger 1 MCV 1 Semestre 1 2017\/2018 2 MCV 2 Semestre 1 2017\/2018 3 MCV 3 Semestre 1<\/p>\r\n                    <\/div>\r\n                <\/div>\r\n                                <div class=\"sports-post__single tx-post style-2\">\r\n                    <div class=\"post-thumb br-4\">\r\n                        <a href=\"https:\/\/univ-maroua.com\/fseg\/resultats-session-normale-master-pro\/\"><\/a>\r\n                    <\/div>\r\n                    <div class=\"post-content\">\r\n                        <ul class=\"post-meta post-meta--4 style-2 ul_li mb-15\">\r\n                            <li>\r\n                                <div class=\"post-meta__author ul_li\">\r\n                                    <div class=\"avatar\">\r\n                                        <img alt='' src='https:\/\/univ-maroua.com\/fseg\/wp-content\/litespeed\/avatar\/64080c3897945d391dc18a5110279615.jpg?ver=1775683801' srcset='https:\/\/univ-maroua.com\/fseg\/wp-content\/litespeed\/avatar\/2043aecc9ae608628e5ead60a24545a3.jpg?ver=1775683801 2x' class='avatar avatar-20 photo' height='20' width='20' \/>                                    <\/div>\r\n                                    <span>admin<\/span>\r\n                                <\/div>\r\n                            <\/li>\r\n                            <li><i class=\"far fa-comments-alt\"><\/i> Commentaire (0)<\/li>\r\n                        <\/ul>\r\n                        <h2 class=\"post-title border-effect\"><a href=\"https:\/\/univ-maroua.com\/fseg\/resultats-session-normale-master-pro\/\">R\u00e9sultats Session Normale Master Pro 2018-2019 Semestre 1<\/a><\/h2>\r\n                        <p>Niveau Fili\u00e8re T\u00e9l\u00e9charger 1 M1AE Semestre 1 2018-2019 1 M1GRH Semestre 1 2018-2019<\/p>\r\n                    <\/div>\r\n                <\/div>\r\n                 \r\n            <\/div>\r\n        <\/div>\r\n    <\/div>\r\n    \t\t\t\t<\/div>\n\t\t\t\t<\/div>\n\t\t\t\t\t<\/div>\n\t\t<\/div>\n\t\t\t\t\t<\/div>\n\t\t<\/section>\n\t\t\t\t<\/div>\n\t\t","protected":false},"excerpt":{"rendered":"<p>FSEG -Universit\u00e9 de Maroua &gt; Blog Centre de recherche Actualit\u00e9s admin Commentaire (0) R\u00e9sultats Session de rattrapage 1er Semestre 2019\/2020 Niveau Fili\u00e8re T\u00e9l\u00e9charger 1 MCV 1 Semestre 1 2019-2020 2 MCV 2 Semestre 1 2019-2020 3 MCV 3 Semestre 1 admin Commentaire (0) R\u00e9sultats et Palmar\u00e8s 2019 admin Commentaire (0) La FSEG de l&rsquo;Univ-Maroua vous [&hellip;]<\/p>\n","protected":false},"author":1,"featured_media":0,"parent":3239,"menu_order":0,"comment_status":"closed","ping_status":"closed","template":"magezix-template.php","meta":{"inline_featured_image":false,"footnotes":""},"class_list":["post-3699","page","type-page","status-publish","hentry"],"_links":{"self":[{"href":"https:\/\/univ-maroua.com\/fseg\/wp-json\/wp\/v2\/pages\/3699","targetHints":{"allow":["GET"]}}],"collection":[{"href":"https:\/\/univ-maroua.com\/fseg\/wp-json\/wp\/v2\/pages"}],"about":[{"href":"https:\/\/univ-maroua.com\/fseg\/wp-json\/wp\/v2\/types\/page"}],"author":[{"embeddable":true,"href":"https:\/\/univ-maroua.com\/fseg\/wp-json\/wp\/v2\/users\/1"}],"replies":[{"embeddable":true,"href":"https:\/\/univ-maroua.com\/fseg\/wp-json\/wp\/v2\/comments?post=3699"}],"version-history":[{"count":4,"href":"https:\/\/univ-maroua.com\/fseg\/wp-json\/wp\/v2\/pages\/3699\/revisions"}],"predecessor-version":[{"id":3703,"href":"https:\/\/univ-maroua.com\/fseg\/wp-json\/wp\/v2\/pages\/3699\/revisions\/3703"}],"up":[{"embeddable":true,"href":"https:\/\/univ-maroua.com\/fseg\/wp-json\/wp\/v2\/pages\/3239"}],"wp:attachment":[{"href":"https:\/\/univ-maroua.com\/fseg\/wp-json\/wp\/v2\/media?parent=3699"}],"curies":[{"name":"wp","href":"https:\/\/api.w.org\/{rel}","templated":true}]}}